{"id":23325,"date":"2026-02-07T15:39:00","date_gmt":"2026-02-07T18:39:00","guid":{"rendered":"https:\/\/laserenaradio.cl\/web\/?page_id=23325"},"modified":"2026-02-07T15:41:37","modified_gmt":"2026-02-07T18:41:37","slug":"quienes-somos","status":"publish","type":"page","link":"https:\/\/laserenaradio.cl\/web\/quienes-somos\/","title":{"rendered":"\u00bfQuienes somos?"},"content":{"rendered":"\n<p><a href=\"https:\/\/laserenaradio.cl\/web\/\" data-type=\"link\" data-id=\"https:\/\/laserenaradio.cl\/web\/\">La Serena Radio<\/a> es un medio digital de la regi\u00f3n de Coquimbo, actualmente <strong>es un experimento que busca establecer un enlace entre el trabajo humano y las nuevas tecnolog\u00edas como la Inteligencia Artificial (IA)<\/strong>.<\/p>\n\n\n\n<p>Nuestro equipo trabaja en crear un medio solo con noticias relevantes en cuanto al \u00e1mbito pol\u00edtico, econ\u00f3mico, nacional y deportivo. Para este objetivo y debido a que somos un equipo reducido de personas que cree que la tecnolog\u00eda puede ayudar a llegar a m\u00e1s personas, con un uso eficiente de recursos, nace este proyecto innovador.<\/p>\n\n\n\n<p>En Chile, los medios de comunicaci\u00f3n utilizan Inteligencia Artificial en cierto grado para cosas espec\u00edficas, sin embargo, nosotros hemos decidido ir m\u00e1s all\u00e1 y dejar que esta genere res\u00famenes o mejore ciertas noticias para que sean mejor explicadas a un p\u00fablico que en ocasiones busca la simplicidad en la lectura de las mismas y en la mayor cantidad de dispositivos tecnol\u00f3gicos posibles.<\/p>\n\n\n\n<p>Este proyecto no ser\u00eda lo mismo sin la potencia de la Inteligencia Artificial (IA), sin esta solo ser\u00edamos un n\u00famero m\u00e1s con un contenido de dudosa calidad, sin embargo, cada una de estas publicaciones es supervisada por un equipo humano consciente que en ocasiones esta tecnolog\u00eda se puede equivocar o alucinar, por lo que debe ser eliminada o editada antes de su publicaci\u00f3n final, la cual se realiza mediante una plataforma programada en Python.<\/p>\n\n\n\n<p>Actualmente nuestro equipo lo conforman las siguientes personas:<\/p>\n\n\n\n<ul class=\"wp-block-list\">\n<li><strong>Fundador<\/strong>: Juan Esteban<\/li>\n\n\n\n<li><strong>Editora<\/strong>: Carolina Gonz\u00e1lez<\/li>\n\n\n\n<li><strong>Inteligencia Artificial<\/strong>: QWEN y Llama 3.1 (Airton Tobor)<\/li>\n\n\n\n<li><strong>Tel\u00e9fono celular<\/strong>: +569 33732470 (WhatsApp)<\/li>\n<\/ul>\n\n\n\n<p><\/p>\n","protected":false},"excerpt":{"rendered":"<p>La Serena Radio es un medio digital de la regi\u00f3n de Coquimbo, actualmente es un experimento que busca establecer un enlace entre el trabajo humano y las nuevas tecnolog\u00edas como la Inteligencia Artificial (IA). Nuestro equipo trabaja en crear un medio solo con noticias relevantes en cuanto al \u00e1mbito pol\u00edtico, econ\u00f3mico, nacional y deportivo. Para [&hellip;]<\/p>\n","protected":false},"author":1,"featured_media":0,"parent":0,"menu_order":0,"comment_status":"closed","ping_status":"closed","template":"","meta":{"jnews_page_loop":[],"jnews_single_page":[],"jnews_social_meta":[],"footnotes":""},"class_list":["post-23325","page","type-page","status-publish","hentry"],"jetpack_sharing_enabled":true,"_links":{"self":[{"href":"https:\/\/laserenaradio.cl\/web\/wp-json\/wp\/v2\/pages\/23325","targetHints":{"allow":["GET"]}}],"collection":[{"href":"https:\/\/laserenaradio.cl\/web\/wp-json\/wp\/v2\/pages"}],"about":[{"href":"https:\/\/laserenaradio.cl\/web\/wp-json\/wp\/v2\/types\/page"}],"author":[{"embeddable":true,"href":"https:\/\/laserenaradio.cl\/web\/wp-json\/wp\/v2\/users\/1"}],"replies":[{"embeddable":true,"href":"https:\/\/laserenaradio.cl\/web\/wp-json\/wp\/v2\/comments?post=23325"}],"version-history":[{"count":3,"href":"https:\/\/laserenaradio.cl\/web\/wp-json\/wp\/v2\/pages\/23325\/revisions"}],"predecessor-version":[{"id":23490,"href":"https:\/\/laserenaradio.cl\/web\/wp-json\/wp\/v2\/pages\/23325\/revisions\/23490"}],"wp:attachment":[{"href":"https:\/\/laserenaradio.cl\/web\/wp-json\/wp\/v2\/media?parent=23325"}],"curies":[{"name":"wp","href":"https:\/\/api.w.org\/{rel}","templated":true}]}}